{"id":587,"date":"2025-02-27T19:05:37","date_gmt":"2025-02-27T19:05:37","guid":{"rendered":"https:\/\/anordinaryhuman.com\/?page_id=587"},"modified":"2025-03-05T16:41:02","modified_gmt":"2025-03-05T16:41:02","slug":"587-2","status":"publish","type":"page","link":"https:\/\/anordinaryhuman.com\/index.php\/587-2\/","title":{"rendered":"Amor \u00e9 um fogo que arde sem se ver"},"content":{"rendered":"\n<blockquote class=\"wp-block-quote is-layout-flow wp-block-quote-is-layout-flow\">\n<p>Amor&nbsp;\u00e9&nbsp;um&nbsp;fogo&nbsp;que&nbsp;arde&nbsp;sem&nbsp;se&nbsp;ver,<span class=\"sub\">&nbsp;&nbsp;&nbsp;&nbsp;Love is a fire that burns unseen,<\/span><br>\u00e9&nbsp;ferida&nbsp;que&nbsp;doi,&nbsp;e&nbsp;n\u00e3o&nbsp;se&nbsp;sente;<span class=\"sub\">&nbsp;&nbsp;&nbsp;&nbsp;a wound that aches yet isn\u2019t felt,<\/span>\n<br>\u00e9&nbsp;um&nbsp;contentamento&nbsp;descontente,<span class=\"sub\">&nbsp;&nbsp;&nbsp;&nbsp;an always discontent contentment,<\/span>\n<br>\u00e9&nbsp;dor&nbsp;que&nbsp;desatina&nbsp;sem&nbsp;doer.<span class=\"sub\">&nbsp;&nbsp;&nbsp;&nbsp;a pain that rages without hurting,<\/span><\/p>\n\n\n\n<p>\u00c9&nbsp;um&nbsp;n\u00e3o&nbsp;querer&nbsp;mais&nbsp;que&nbsp;bem&nbsp;querer;<span class=\"sub\">&nbsp;&nbsp;&nbsp;&nbsp;a longing for nothing but to long,<\/span>\n<br>\u00e9&nbsp;um&nbsp;andar&nbsp;solit\u00e1rio&nbsp;entre&nbsp;a&nbsp;gente;<span class=\"sub\">&nbsp;&nbsp;&nbsp;&nbsp;a loneliness in the midst of people,<\/span>\n<br>\u00e9&nbsp;nunca&nbsp;contentar-se&nbsp;de&nbsp;contente;<span class=\"sub\">&nbsp;&nbsp;&nbsp;&nbsp;a never feeling pleased when pleased,<\/span>\n<br>\u00e9&nbsp;um&nbsp;cuidar&nbsp;que&nbsp;ganha&nbsp;em&nbsp;se&nbsp;perder.<span class=\"sub\">&nbsp;&nbsp;&nbsp;&nbsp;a passion that gains when lost in thought.<\/span><\/p>\n\n\n\n<p>\u00c9&nbsp;querer&nbsp;estar&nbsp;preso&nbsp;por&nbsp;vontade;<span class=\"sub\">&nbsp;&nbsp;&nbsp;&nbsp;It\u2019s being enslaved of your own free will;<\/span>\n<br>\u00e9&nbsp;servir&nbsp;a&nbsp;quem&nbsp;vence,&nbsp;o&nbsp;vencedor;<span class=\"sub\">&nbsp;&nbsp;&nbsp;&nbsp;it\u2019s counting your defeat a victory;<\/span>\n<br>\u00e9&nbsp;ter&nbsp;com&nbsp;quem&nbsp;nos&nbsp;mata,&nbsp;lealdade.<span class=\"sub\">&nbsp;&nbsp;&nbsp;&nbsp;it\u2019s staying loyal to your killer.<\/span><\/p>\n\n\n\n<p>Mas&nbsp;como&nbsp;causar&nbsp;pode&nbsp;seu&nbsp;favor<span class=\"sub\">&nbsp;&nbsp;&nbsp;&nbsp;But if it\u2019s so self-contradictory,<\/span>\n<br>nos&nbsp;cora\u00e7\u00f5es&nbsp;humanos&nbsp;amizade,<span class=\"sub\">&nbsp;&nbsp;&nbsp;&nbsp;how can Love, when Love chooses,<\/span>\n<br>se&nbsp;t\u00e3o&nbsp;contr\u00e1rio&nbsp;a&nbsp;si&nbsp;\u00e9&nbsp;o&nbsp;mesmo&nbsp;Amor?<span class=\"sub\">&nbsp;&nbsp;&nbsp;&nbsp;bring human hearts into sympathy?<\/span><\/p>\n<\/blockquote>\n\n\n\n<p>~ Lu\u00eds de Cam\u00f5es<\/p>\n\n\n\n<p><\/p>\n","protected":false},"excerpt":{"rendered":"<p>Amor&nbsp;\u00e9&nbsp;um&nbsp;fogo&nbsp;que&nbsp;arde&nbsp;sem&nbsp;se&nbsp;ver,&nbsp;&nbsp;&nbsp;&nbsp;Love is a fire that burns unseen,\u00e9&nbsp;ferida&nbsp;que&nbsp;doi,&nbsp;e&nbsp;n\u00e3o&nbsp;se&nbsp;sente;&nbsp;&nbsp;&nbsp;&nbsp;a wound that aches yet isn\u2019t felt, \u00e9&nbsp;um&nbsp;contentamento&nbsp;descontente,&nbsp;&nbsp;&nbsp;&nbsp;an always discontent contentment, \u00e9&nbsp;dor&nbsp;que&nbsp;desatina&nbsp;sem&nbsp;doer.&nbsp;&nbsp;&nbsp;&nbsp;a pain that rages without hurting, \u00c9&nbsp;um&nbsp;n\u00e3o&nbsp;querer&nbsp;mais&nbsp;que&nbsp;bem&nbsp;querer;&nbsp;&nbsp;&nbsp;&nbsp;a longing for nothing but to long, \u00e9&nbsp;um&nbsp;andar&nbsp;solit\u00e1rio&nbsp;entre&nbsp;a&nbsp;gente;&nbsp;&nbsp;&nbsp;&nbsp;a loneliness in the midst of people, \u00e9&nbsp;nunca&nbsp;contentar-se&nbsp;de&nbsp;contente;&nbsp;&nbsp;&nbsp;&nbsp;a never feeling pleased when pleased, \u00e9&nbsp;um&nbsp;cuidar&nbsp;que&nbsp;ganha&nbsp;em&nbsp;se&nbsp;perder.&nbsp;&nbsp;&nbsp;&nbsp;a passion that gains when lost in thought. \u00c9&nbsp;querer&nbsp;estar&nbsp;preso&nbsp;por&nbsp;vontade;&nbsp;&nbsp;&nbsp;&nbsp;It\u2019s being enslaved of<a class=\"read-more \" href=\"https:\/\/anordinaryhuman.com\/index.php\/587-2\/\" title=\"Read More\"> <span class=\"button default\">Read More<\/span><\/a><\/p>\n","protected":false},"author":1,"featured_media":0,"parent":0,"menu_order":0,"comment_status":"closed","ping_status":"closed","template":"","meta":{"_monsterinsights_skip_tracking":false,"_monsterinsights_sitenote_active":false,"_monsterinsights_sitenote_note":"","_monsterinsights_sitenote_category":0,"footnotes":""},"class_list":["post-587","page","type-page","status-publish","hentry"],"_links":{"self":[{"href":"https:\/\/anordinaryhuman.com\/index.php\/wp-json\/wp\/v2\/pages\/587","targetHints":{"allow":["GET"]}}],"collection":[{"href":"https:\/\/anordinaryhuman.com\/index.php\/wp-json\/wp\/v2\/pages"}],"about":[{"href":"https:\/\/anordinaryhuman.com\/index.php\/wp-json\/wp\/v2\/types\/page"}],"author":[{"embeddable":true,"href":"https:\/\/anordinaryhuman.com\/index.php\/wp-json\/wp\/v2\/users\/1"}],"replies":[{"embeddable":true,"href":"https:\/\/anordinaryhuman.com\/index.php\/wp-json\/wp\/v2\/comments?post=587"}],"version-history":[{"count":6,"href":"https:\/\/anordinaryhuman.com\/index.php\/wp-json\/wp\/v2\/pages\/587\/revisions"}],"predecessor-version":[{"id":633,"href":"https:\/\/anordinaryhuman.com\/index.php\/wp-json\/wp\/v2\/pages\/587\/revisions\/633"}],"wp:attachment":[{"href":"https:\/\/anordinaryhuman.com\/index.php\/wp-json\/wp\/v2\/media?parent=587"}],"curies":[{"name":"wp","href":"https:\/\/api.w.org\/{rel}","templated":true}]}}